{"id":876,"date":"2015-02-18T16:21:20","date_gmt":"2015-02-18T16:21:20","guid":{"rendered":"http:\/\/axeasy.cre-eight.be\/home\/"},"modified":"2020-05-06T11:08:13","modified_gmt":"2020-05-06T11:08:13","slug":"home","status":"publish","type":"page","link":"http:\/\/www.axeasy.be\/fr\/","title":{"rendered":"Home"},"content":{"rendered":"<p>\n            <div class=\"glacier-section\"  id=\"section-5667ee16d9445\">\n            <div class=\"container-fluid\">\n                <section>\n                    \n<div class=\"row\">\n\t\n\n<div class=\"col-xs-12 col-sm-12\" style=\"background: transparent  \">\n\t<script type=\"text\/javascript\">\n    jQuery('document').ready(function () {\n        \/\/Main slider\n        \/\/-----------------------------------------------\n        if (jQuery(\"#flexslider-6a0591494ac1c.slideshow .flexslider\").length>0) {\n            if (!Modernizr.touch) {\n                jQuery(window).load(function() {\n                    jQuery('#flexslider-6a0591494ac1c.slideshow .flexslider').flexslider({\n                        prevText: \"\",\n                        nextText: \"\",\n                        useCSS: false,\n                        animation: \"fade\",\n                        touch: false,\n                                                                                                start: function(slider){\n                            slider.removeClass(\"loading\");\n                            if (Modernizr.csstransitions) {\n                                setTimeout(function() {\n                                    captionAnimation = jQuery(\".slideshow .flex-active-slide .caption\").attr(\"data-caption-effect\");\n                                    jQuery('.slideshow .caption').addClass(\" animated object-visible \" + captionAnimation);\n                                }, 100);\n                            };\n                        },\n                        before: function(slider){\n                            if (Modernizr.csstransitions) {\n                                setTimeout(function() {\n                                    jQuery('.slideshow .caption').removeClass(\" animated object-visible \" + captionAnimation);\n                                }, 100);\n                            };\n                        },\n                        after: function(slider){\n                            if (Modernizr.csstransitions) {\n                                setTimeout(function() {\n                                    captionAnimation = jQuery(\".slideshow .flex-active-slide .caption\").attr(\"data-caption-effect\");\n                                    jQuery('.slideshow .caption').addClass(\" animated object-visible \" + captionAnimation);\n                                }, 100);\n                            };\n                        }\n                    });\n                });\n            } else {\n                jQuery(window).load(function() {\n                    jQuery('#flexslider-6a0591494ac1c.slideshow .flexslider').flexslider({\n                        prevText: \"\",\n                        nextText: \"\",\n                        useCSS: false,\n                        animation: \"fade\",\n                                                                                                start: function(slider){\n                            slider.removeClass(\"loading\");\n                            if (Modernizr.csstransitions) {\n                                setTimeout(function() {\n                                    captionAnimation = jQuery(\".slideshow .flex-active-slide .caption\").attr(\"data-caption-effect\");\n                                    jQuery('.slideshow .caption').addClass(\" animated object-visible \" + captionAnimation);\n                                }, 100);\n                            };\n                        },\n                        before: function(slider){\n                            if (Modernizr.csstransitions) {\n                                setTimeout(function() {\n                                    jQuery('.slideshow .caption').removeClass(\" animated object-visible \" + captionAnimation);\n                                }, 100);\n                            };\n                        },\n                        after: function(slider){\n                            if (Modernizr.csstransitions) {\n                                setTimeout(function() {\n                                    captionAnimation = jQuery(\".slideshow .flex-active-slide .caption\").attr(\"data-caption-effect\");\n                                    jQuery('.slideshow .caption').addClass(\" animated object-visible \" + captionAnimation);\n                                }, 100);\n                            };\n                        }\n                    });\n                });\n            }\n\n            \/\/Full width Slider\n            \/\/-----------------------------------------------\n\n            if (jQuery(\"[data-slider-height]\").length>0) {\n                var initialHeight = jQuery(\"#flexslider-6a0591494ac1c.fullwidth .flexslider\").attr(\"data-slider-height\");\n            } else {\n                var initialHeight = \"500\";\n            }\n            var initialWidth = \"1140\",\n                ratio = initialHeight\/initialWidth,\n                windowsize = jQuery(window).width();\n            if (jQuery(window).width() < 1140) {\n                jQuery('#flexslider-6a0591494ac1c.slideshow.fullwidth').css(\"height\", windowsize*ratio );\n                jQuery('#flexslider-6a0591494ac1c.slideshow.fullwidth .flexslider').css(\"height\", windowsize*ratio );\n                jQuery('#flexslider-6a0591494ac1c.slideshow.fullwidth .flexslider .slides>li').css(\"height\", windowsize*ratio );\n                jQuery('#flexslider-6a0591494ac1c.slideshow.fullwidth .flexslider .caption-wrapper').css(\"height\", windowsize*ratio );\n            } else {\n                jQuery('#flexslider-6a0591494ac1c.slideshow.fullwidth').css(\"height\", initialHeight );\n                jQuery('#flexslider-6a0591494ac1c.slideshow.fullwidth .flexslider').css(\"height\", initialHeight );\n                jQuery('#flexslider-6a0591494ac1c.slideshow.fullwidth .flexslider .slides>li').css(\"height\", initialHeight );\n                jQuery('#flexslider-6a0591494ac1c.slideshow.fullwidth .flexslider .caption-wrapper').css(\"height\", initialHeight );\n            }\n\n            jQuery(window).resize(function() {\n                if (jQuery(\"[data-slider-height]\").length>0) {\n                    var initialHeight = jQuery(\"#flexslider-6a0591494ac1c.fullwidth .flexslider\").attr(\"data-slider-height\");\n                } else {\n                    var initialHeight = \"500\";\n                }\n                var initialWidth = \"1140\",\n                    ratio = initialHeight\/initialWidth,\n                    windowsize = jQuery(window).width();\n                if (jQuery(window).width() < 1140) {\n                    jQuery('#flexslider-6a0591494ac1c.slideshow.fullwidth').css(\"height\", windowsize*ratio );\n                    jQuery('#flexslider-6a0591494ac1c.slideshow.fullwidth .flexslider').css(\"height\", windowsize*ratio );\n                    jQuery('#flexslider-6a0591494ac1c.slideshow.fullwidth .flexslider .slides>li').css(\"height\", windowsize*ratio );\n                    jQuery('#flexslider-6a0591494ac1c.slideshow.fullwidth .flexslider .caption-wrapper').css(\"height\", windowsize*ratio );\n                } else {\n                    jQuery('#flexslider-6a0591494ac1c.slideshow.fullwidth').css(\"height\", initialHeight );\n                    jQuery('#flexslider-6a0591494ac1c.slideshow.fullwidth .flexslider').css(\"height\", initialHeight );\n                    jQuery('#flexslider-6a0591494ac1c.slideshow.fullwidth .flexslider .slides>li').css(\"height\", initialHeight );\n                    jQuery('#flexslider-6a0591494ac1c.slideshow.fullwidth .flexslider .caption-wrapper').css(\"height\", initialHeight );\n                }\n            });\n        };\n    });\n<\/script>\n    <div class=\"slideshow fullwidth\" id=\"flexslider-6a0591494ac1c\">\n        <div class=\"flexslider loading\">\n            <ul class=\"slides\">\n                                    <li style=\"background-image:url('\/\/138.91.51.152\/wp-content\/uploads\/2017\/12\/skyline-brussel-1.jpg');\">\n                        <div class=\"container\">\n                            <div class=\"row\">\n                                <div class=\"col-md-12\">\n                                                                            <div class=\"caption-wrapper\">\n                                            <div class=\"caption caption-non-visible\" data-caption-effect=\"fade-in-down\">\n\n                                                                                                    <h1>AXEASY<\/h1>\n                                                    <p>Votre partenaire dans les Solutions Outsourcing!<br>Prenez contact avec nous.<\/p>\n                                                \n                                                                                                    <a href=\"http:\/\/www.axeasy.be\/fr\/a-propos-de-nous\/\" class=\"btn btn-default btn-lg\" target=\"_self\"> Plus d'info<\/a>\n                                                                                            <\/div>\n                                        <\/div>\n                                                                    <\/div>\n                            <\/div>\n                        <\/div>\n                    <\/li>\n                                    <li style=\"background-image:url('\/\/138.91.51.152\/wp-content\/uploads\/2017\/12\/skyline-brussel-1.jpg');\">\n                        <div class=\"container\">\n                            <div class=\"row\">\n                                <div class=\"col-md-12\">\n                                                                            <div class=\"caption-wrapper\">\n                                            <div class=\"caption caption-non-visible\" data-caption-effect=\"fade-in-down\">\n\n                                                                                                    <h1>AXEASY SERVICES<\/h1>\n                                                    <p>Axeasy vous offre toutes sortes de services.<\/p>\n                                                \n                                                                                                    <a href=\"http:\/\/www.axeasy.be\/fr\/services\/\" class=\"btn btn-default btn-lg\" target=\"_blank\"> Plus d'info<\/a>\n                                                                                            <\/div>\n                                        <\/div>\n                                                                    <\/div>\n                            <\/div>\n                        <\/div>\n                    <\/li>\n                            <\/ul>\n        <\/div>\n    <\/div>\n<\/div><\/div>\n\n                <\/section>\n            <\/div>\n                    <\/div>\n    \n            <div class=\"glacier-section\"  id=\"section-5667ee17079f5\">\n            <div class=\"container-fluid\">\n                <section>\n                    \n<div class=\"row\">\n\t\n\n<div class=\"col-xs-12 col-sm-12\" style=\"background: transparent  \">\n\t\n<div class=\"bg-color-default call-to-action\" >\n    <div class=\"container\">        <div class=\"row\">\n            <div class=\"col-md-8\">\n                <h2 class=\"text-center\"><p>AXEASY - OUTSOURCING SOLUTIONS<\/p><\/h2>\n            <\/div>\n            <div class=\"col-md-4 text-center\">\n                \n\n\n<a href=\"http:\/\/www.axeasy.be\/fr\/contact\/\" target=\"_self\" style=\"border-radius: 0px;\" class=\"btn btn-white btn-lg  object-non-visible\" data-animation-effect=\"fade-in\" data-effect-delay=\"0\">\n    CONTACTEZ-NOUS<\/a>\n\n            <\/div>\n        <\/div>\n    <\/div><\/div><\/div><\/div>\n\n                <\/section>\n            <\/div>\n                    <\/div>\n    \n            <div class=\"glacier-section\" style=\"padding-top: 45px; padding-bottom: 45px; \" id=\"section-5a3ce5b5688cc\">\n            <div class=\"container\">\n                <section>\n                    \n<div class=\"row\">\n\t\n\n<div class=\"col-xs-12 col-sm-4\" style=\"background: transparent  top left no-repeat scroll;\">\n\t<div class=\"feature-box text-center media-box  object-non-visible\" data-animation-effect=\"fade-in\" data-effect-delay=\"0\">\n    <div class=\"fbox-media\">\n                    <a href=\"http:\/\/www.axeasy.be\/fr\/services\/vous-etes-un-consultant-desirant-travailler-en-belgique\/\" target=\"_self\">\n                <img loading=\"lazy\" decoding=\"async\" data-no-retina src=\"http:\/\/138.91.51.152\/wp-content\/uploads\/2020\/05\/architectural-design-architecture-building-business-443383-495x400.jpg\" alt=\"architectural-design-architecture-building-business-443383\" width=\"495\" height=\"400\" class=\"img-responsive\" \/>\n            <\/a>\n        \t<\/div>\n\t<div class=\"fbox-desc\">\n        <h2>Vous \u00eates un consultant d\u00e9sirant travailler en Belgique?<\/h2>\n        <span class=\"subtitle\">Aux consultants (freelance ou employ\u00e9s; europ\u00e9ens ou non-europ\u00e9ens), Axeasy offre \"Easy Access\" au march\u00e9 du travail en Belgique: nous vous aidons d'une fa\u00e7on neutre et ind\u00e9pendante \u00e0 r\u00e9gler toutes vos formalit\u00e9s administratives concernant la vie et le travail en Belgique.<\/span>\n        \n\n\n<a href=\"http:\/\/www.axeasy.be\/fr\/services\/vous-etes-un-consultant-desirant-travailler-en-belgique\/\" target=\"_self\" style=\"border-radius: 0px;\" class=\"btn btn-default  \">\n            Lire la suite        <i class=\"fa fa-angle-right pl-10\"><\/i> \n            <\/a>\n\n    <\/div>\n<\/div><\/div>\n\n<div class=\"col-xs-12 col-sm-4\" style=\"background: transparent  top left no-repeat scroll;\">\n\t<div class=\"feature-box text-center media-box  object-non-visible\" data-animation-effect=\"fade-in\" data-effect-delay=\"100\">\n    <div class=\"fbox-media\">\n                    <a href=\"http:\/\/www.axeasy.be\/fr\/services\/vous-etes-responsable-rh-au-sein-dune-entreprise\/\" target=\"_self\">\n                <img loading=\"lazy\" decoding=\"async\" data-no-retina src=\"http:\/\/138.91.51.152\/wp-content\/uploads\/2020\/05\/action-blur-bulb-dark-355904-495x400.jpg\" alt=\"action-blur-bulb-dark-355904\" width=\"495\" height=\"400\" class=\"img-responsive\" \/>\n            <\/a>\n        \t<\/div>\n\t<div class=\"fbox-desc\">\n        <h2>Vous \u00eates responsable RH au sein d\u2019une entreprise<\/h2>\n        <span class=\"subtitle\">Aux entreprises \u00e9tablies en Belgique, nous offrons Easy Access aux consultants europ\u00e9ens et non-europ\u00e9ens: avec notre aide, le recrutement de consultants \u00e9trangers devient nettement plus facile puisque nous pouvons r\u00e9gler les nombreuses proc\u00e9dures compliqu\u00e9es et encombrantes rapidement et efficacement.<\/span>\n        \n\n\n<a href=\"http:\/\/www.axeasy.be\/fr\/services\/vous-etes-responsable-rh-au-sein-dune-entreprise\/\" target=\"_self\" style=\"border-radius: 0px;\" class=\"btn btn-default  \">\n            Lire la suite        <i class=\"fa fa-angle-right pl-10\"><\/i> \n            <\/a>\n\n    <\/div>\n<\/div><\/div>\n\n<div class=\"col-xs-12 col-sm-4\" style=\"background: transparent  top left no-repeat scroll;\">\n\t<div class=\"feature-box text-center media-box  object-non-visible\" data-animation-effect=\"fade-in\" data-effect-delay=\"200\">\n    <div class=\"fbox-media\">\n                    <a href=\"http:\/\/www.axeasy.be\/fr\/services\/vous-etes-un-responsable-au-sein-dune-agence-de-recrutement\/\" target=\"_self\">\n                <img loading=\"lazy\" decoding=\"async\" data-no-retina src=\"http:\/\/138.91.51.152\/wp-content\/uploads\/2020\/05\/pexels-photo-398532-495x400.jpg\" alt=\"pexels-photo-398532\" width=\"495\" height=\"400\" class=\"img-responsive\" \/>\n            <\/a>\n        \t<\/div>\n\t<div class=\"fbox-desc\">\n        <h2>Vous \u00eates un responsable au sein d\u2019une agence de recrutement<\/h2>\n        <span class=\"subtitle\">Aux agences de recrutement belges et \u00e9trang\u00e8res, nous offrons de nombreuses possibilit\u00e9s de faciliter et de d\u00e9velopper leurs activit\u00e9s sur le march\u00e9 belge, gr\u00e2ce \u00e0 notre savoir-faire en mati\u00e8re de formalit\u00e9s concernant le personnel international en Belgique.<\/span>\n        \n\n\n<a href=\"http:\/\/www.axeasy.be\/fr\/services\/vous-etes-un-responsable-au-sein-dune-agence-de-recrutement\/\" target=\"_self\" style=\"border-radius: 0px;\" class=\"btn btn-default  \">\n            Lire la suite        <i class=\"fa fa-angle-right pl-10\"><\/i> \n            <\/a>\n\n    <\/div>\n<\/div><\/div><\/div>\n\n                <\/section>\n            <\/div>\n                    <\/div>\n    <\/p>\n","protected":false},"excerpt":{"rendered":"<p>AXEASY Votre partenaire dans les Solutions Outsourcing!Prenez contact avec nous. Plus d&rsquo;info AXEASY SERVICES Axeasy vous offre toutes sortes de services. Plus d&rsquo;info AXEASY &#8211; OUTSOURCING SOLUTIONS CONTACTEZ-NOUS Vous \u00eates un consultant d\u00e9sirant travailler en Belgique? Aux consultants (freelance ou employ\u00e9s; europ\u00e9ens ou non-europ\u00e9ens), Axeasy offre \u00ab\u00a0Easy Access\u00a0\u00bb au march\u00e9 du travail en Belgique: nous [&hellip;]<\/p>\n","protected":false},"author":1,"featured_media":0,"parent":0,"menu_order":1,"comment_status":"closed","ping_status":"closed","template":"","meta":{"_exactmetrics_skip_tracking":false,"_exactmetrics_sitenote_active":false,"_exactmetrics_sitenote_note":"","_exactmetrics_sitenote_category":0,"footnotes":""},"class_list":["post-876","page","type-page","status-publish","hentry"],"aioseo_notices":[],"_links":{"self":[{"href":"http:\/\/www.axeasy.be\/fr\/wp-json\/wp\/v2\/pages\/876","targetHints":{"allow":["GET"]}}],"collection":[{"href":"http:\/\/www.axeasy.be\/fr\/wp-json\/wp\/v2\/pages"}],"about":[{"href":"http:\/\/www.axeasy.be\/fr\/wp-json\/wp\/v2\/types\/page"}],"author":[{"embeddable":true,"href":"http:\/\/www.axeasy.be\/fr\/wp-json\/wp\/v2\/users\/1"}],"replies":[{"embeddable":true,"href":"http:\/\/www.axeasy.be\/fr\/wp-json\/wp\/v2\/comments?post=876"}],"version-history":[{"count":4,"href":"http:\/\/www.axeasy.be\/fr\/wp-json\/wp\/v2\/pages\/876\/revisions"}],"predecessor-version":[{"id":1003,"href":"http:\/\/www.axeasy.be\/fr\/wp-json\/wp\/v2\/pages\/876\/revisions\/1003"}],"wp:attachment":[{"href":"http:\/\/www.axeasy.be\/fr\/wp-json\/wp\/v2\/media?parent=876"}],"curies":[{"name":"wp","href":"https:\/\/api.w.org\/{rel}","templated":true}]}}