{"id":871,"date":"2015-02-18T16:22:22","date_gmt":"2015-02-18T16:22:22","guid":{"rendered":"http:\/\/axeasy.cre-eight.be\/services\/"},"modified":"2020-05-06T11:10:46","modified_gmt":"2020-05-06T11:10:46","slug":"services","status":"publish","type":"page","link":"http:\/\/www.axeasy.be\/fr\/services\/","title":{"rendered":"Services"},"content":{"rendered":"<p>\n            <div class=\"glacier-section\" style=\"padding-top: 0px; padding-bottom: 45px; \" id=\"section-5667eec77f715\">\n            <div class=\"container\">\n                <section>\n                    \n<div class=\"row\">\n\t\n\n<div class=\"col-xs-12 col-sm-12\" style=\"background: transparent  \">\n\t\n<div class=\"heading-block text-left heading-block-line\">\n\t<h1 class=\"special-heading\" >Nos services<\/h1>\n\t<\/div><\/div><\/div>\n\n\n<div class=\"row\">\n\t\n\n<div class=\"col-xs-12 col-sm-12\" style=\"background: transparent  \">\n\t\n\t<div style=\"padding-bottom: 30px;\"><\/div>\n\n\n<\/div><\/div>\n\n                <\/section>\n            <\/div>\n                    <\/div>\n    \n            <div class=\"glacier-section\" style=\"padding-top: 45px; padding-bottom: 45px; \" id=\"section-5a3ce5b5688cc\">\n            <div class=\"container\">\n                <section>\n                    \n<div class=\"row\">\n\t\n\n<div class=\"col-xs-12 col-sm-4\" style=\"background: transparent  top left no-repeat scroll;\">\n\t<div class=\"feature-box text-center media-box  object-non-visible\" data-animation-effect=\"fade-in\" data-effect-delay=\"0\">\n    <div class=\"fbox-media\">\n                    <a href=\"http:\/\/www.axeasy.be\/fr\/services\/vous-etes-un-consultant-desirant-travailler-en-belgique\/\" target=\"_self\">\n                <img loading=\"lazy\" decoding=\"async\" data-no-retina src=\"http:\/\/138.91.51.152\/wp-content\/uploads\/2020\/05\/architectural-design-architecture-building-business-443383-495x400.jpg\" alt=\"architectural-design-architecture-building-business-443383\" width=\"495\" height=\"400\" class=\"img-responsive\" \/>\n            <\/a>\n        \t<\/div>\n\t<div class=\"fbox-desc\">\n        <h2>Vous \u00eates un consultant d\u00e9sirant travailler en Belgique?<\/h2>\n        <span class=\"subtitle\">Aux consultants (freelance ou employ\u00e9s; europ\u00e9ens ou non-europ\u00e9ens), Axeasy offre \"Easy Access\" au march\u00e9 du travail en Belgique: nous vous aidons d'une fa\u00e7on neutre et ind\u00e9pendante \u00e0 r\u00e9gler toutes vos formalit\u00e9s administratives concernant la vie et le travail en Belgique.<\/span>\n        \n\n\n<a href=\"http:\/\/www.axeasy.be\/fr\/services\/vous-etes-un-consultant-desirant-travailler-en-belgique\/\" target=\"_self\" style=\"border-radius: 0px;\" class=\"btn btn-default  \">\n            Lire la suite        <i class=\"fa fa-angle-right pl-10\"><\/i> \n            <\/a>\n\n    <\/div>\n<\/div><\/div>\n\n<div class=\"col-xs-12 col-sm-4\" style=\"background: transparent  top left no-repeat scroll;\">\n\t<div class=\"feature-box text-center media-box  object-non-visible\" data-animation-effect=\"fade-in\" data-effect-delay=\"100\">\n    <div class=\"fbox-media\">\n                    <a href=\"http:\/\/www.axeasy.be\/fr\/services\/vous-etes-responsable-rh-au-sein-dune-entreprise\/\" target=\"_self\">\n                <img loading=\"lazy\" decoding=\"async\" data-no-retina src=\"http:\/\/138.91.51.152\/wp-content\/uploads\/2020\/05\/action-blur-bulb-dark-355904-495x400.jpg\" alt=\"action-blur-bulb-dark-355904\" width=\"495\" height=\"400\" class=\"img-responsive\" \/>\n            <\/a>\n        \t<\/div>\n\t<div class=\"fbox-desc\">\n        <h2>Vous \u00eates responsable RH au sein d\u2019une entreprise<\/h2>\n        <span class=\"subtitle\">Aux entreprises \u00e9tablies en Belgique, nous offrons Easy Access aux consultants europ\u00e9ens et non-europ\u00e9ens: avec notre aide, le recrutement de consultants \u00e9trangers devient nettement plus facile puisque nous pouvons r\u00e9gler les nombreuses proc\u00e9dures compliqu\u00e9es et encombrantes rapidement et efficacement.<\/span>\n        \n\n\n<a href=\"http:\/\/www.axeasy.be\/fr\/services\/vous-etes-responsable-rh-au-sein-dune-entreprise\/\" target=\"_self\" style=\"border-radius: 0px;\" class=\"btn btn-default  \">\n            Lire la suite        <i class=\"fa fa-angle-right pl-10\"><\/i> \n            <\/a>\n\n    <\/div>\n<\/div><\/div>\n\n<div class=\"col-xs-12 col-sm-4\" style=\"background: transparent  top left no-repeat scroll;\">\n\t<div class=\"feature-box text-center media-box  object-non-visible\" data-animation-effect=\"fade-in\" data-effect-delay=\"200\">\n    <div class=\"fbox-media\">\n                    <a href=\"http:\/\/www.axeasy.be\/fr\/services\/vous-etes-un-responsable-au-sein-dune-agence-de-recrutement\/\" target=\"_self\">\n                <img loading=\"lazy\" decoding=\"async\" data-no-retina src=\"http:\/\/138.91.51.152\/wp-content\/uploads\/2020\/05\/pexels-photo-398532-495x400.jpg\" alt=\"pexels-photo-398532\" width=\"495\" height=\"400\" class=\"img-responsive\" \/>\n            <\/a>\n        \t<\/div>\n\t<div class=\"fbox-desc\">\n        <h2>Vous \u00eates un responsable au sein d\u2019une agence de recrutement<\/h2>\n        <span class=\"subtitle\">Aux agences de recrutement belges et \u00e9trang\u00e8res, nous offrons de nombreuses possibilit\u00e9s de faciliter et de d\u00e9velopper leurs activit\u00e9s sur le march\u00e9 belge, gr\u00e2ce \u00e0 notre savoir-faire en mati\u00e8re de formalit\u00e9s concernant le personnel international en Belgique.<\/span>\n        \n\n\n<a href=\"http:\/\/www.axeasy.be\/fr\/services\/vous-etes-un-responsable-au-sein-dune-agence-de-recrutement\/\" target=\"_self\" style=\"border-radius: 0px;\" class=\"btn btn-default  \">\n            Lire la suite        <i class=\"fa fa-angle-right pl-10\"><\/i> \n            <\/a>\n\n    <\/div>\n<\/div><\/div><\/div>\n\n                <\/section>\n            <\/div>\n                    <\/div>\n    <\/p>\n","protected":false},"excerpt":{"rendered":"<p>Nos services Vous \u00eates un consultant d\u00e9sirant travailler en Belgique? Aux consultants (freelance ou employ\u00e9s; europ\u00e9ens ou non-europ\u00e9ens), Axeasy offre \u00ab\u00a0Easy Access\u00a0\u00bb au march\u00e9 du travail en Belgique: nous vous aidons d&rsquo;une fa\u00e7on neutre et ind\u00e9pendante \u00e0 r\u00e9gler toutes vos formalit\u00e9s administratives concernant la vie et le travail en Belgique. Lire la suite Vous \u00eates [&hellip;]<\/p>\n","protected":false},"author":1,"featured_media":0,"parent":0,"menu_order":3,"comment_status":"closed","ping_status":"closed","template":"","meta":{"_exactmetrics_skip_tracking":false,"_exactmetrics_sitenote_active":false,"_exactmetrics_sitenote_note":"","_exactmetrics_sitenote_category":0,"footnotes":""},"class_list":["post-871","page","type-page","status-publish","hentry"],"aioseo_notices":[],"_links":{"self":[{"href":"http:\/\/www.axeasy.be\/fr\/wp-json\/wp\/v2\/pages\/871","targetHints":{"allow":["GET"]}}],"collection":[{"href":"http:\/\/www.axeasy.be\/fr\/wp-json\/wp\/v2\/pages"}],"about":[{"href":"http:\/\/www.axeasy.be\/fr\/wp-json\/wp\/v2\/types\/page"}],"author":[{"embeddable":true,"href":"http:\/\/www.axeasy.be\/fr\/wp-json\/wp\/v2\/users\/1"}],"replies":[{"embeddable":true,"href":"http:\/\/www.axeasy.be\/fr\/wp-json\/wp\/v2\/comments?post=871"}],"version-history":[{"count":3,"href":"http:\/\/www.axeasy.be\/fr\/wp-json\/wp\/v2\/pages\/871\/revisions"}],"predecessor-version":[{"id":1006,"href":"http:\/\/www.axeasy.be\/fr\/wp-json\/wp\/v2\/pages\/871\/revisions\/1006"}],"wp:attachment":[{"href":"http:\/\/www.axeasy.be\/fr\/wp-json\/wp\/v2\/media?parent=871"}],"curies":[{"name":"wp","href":"https:\/\/api.w.org\/{rel}","templated":true}]}}