{"id":861,"date":"2015-02-18T16:56:42","date_gmt":"2015-02-18T16:56:42","guid":{"rendered":"http:\/\/axeasy.cre-eight.be\/you-are-a-manager-in-a-recruitment-agency\/"},"modified":"2017-12-27T13:39:58","modified_gmt":"2017-12-27T13:39:58","slug":"vous-etes-un-responsable-au-sein-dune-agence-de-recrutement","status":"publish","type":"page","link":"http:\/\/www.axeasy.be\/fr\/services\/vous-etes-un-responsable-au-sein-dune-agence-de-recrutement\/","title":{"rendered":"Vous \u00eates un responsable au sein d\u2019une agence de recrutement"},"content":{"rendered":"\n            <div class=\"glacier-section\" style=\"padding-top: 0px; padding-bottom: 45px; \" id=\"section-5a3d0ffdb2562\">\n            <div class=\"container\">\n                <section>\n                    \n<div class=\"row\">\n\t\n\n<div class=\"col-xs-12 col-sm-12\" style=\"background: transparent  \">\n\t\n<div class=\"heading-block text-left heading-block-line\">\n\t<h2 class=\"special-heading\" >Vous \u00eates un responsable au sein d\u2019une agence de recrutement?<\/h2>\n\t<\/div><\/div><\/div>\n\n\n<div class=\"row\">\n\t\n\n<div class=\"col-xs-12 col-sm-12\" style=\"background: transparent  \">\n\t<div class=\"text-block shortcode-container\" style=\"font-size: 16px;\">\n\t<p>En tant que responsable au sein d\u2019une agence qui place des consultants externes ou employ\u00e9s \u00e9trangers dans des entreprises belges, vous savez d\u00e9j\u00e0 que le recrutement de ce type de personnel exige de tenir compte d\u2019une administration du personnel de plus en plus compliqu\u00e9e et d\u2019une l\u00e9gislation en mati\u00e8re de gestion du personnel de plus en plus stricte (\u201cLimosa\u201d, amendes pour la non-observation des r\u00e8gles concernant la s\u00e9curit\u00e9 sociale, contr\u00f4les de plus en plus fr\u00e9quents, \u2026).<\/p><p>Sans doute savez-vous aussi par exp\u00e9rience que les \u201cb\u00eates\u201d formalit\u00e9s administratives peuvent constituer une charge suppl\u00e9mentaire consid\u00e9rable pour vous-m\u00eame, les employeurs et les consultants concern\u00e9s. Peut-\u00eatre avez-vous m\u00eame fait l\u2019exp\u00e9rience de certains \u201cdeals\u201d prometteurs qui n\u2019ont pas abouti \u00e0 cause de \u201cb\u00eates\u201d probl\u00e8mes administratifs.<\/p><p>De plus, le march\u00e9 des agences de recrutement est devenu de plus en plus comp\u00e9titif, vos clients sont de plus en plus exigeants, et il existe une demande importante pour un service plus complet et vari\u00e9, notamment par rapport aux aspects pratiques et\/ou administratifs du processus de recrutement.<\/p><p>Nous pouvons vous aider \u00e0 offrir un service le plus complet et flexible possible \u00e0 vos clients et ainsi \u00e0 consolider votre position sur le march\u00e9. Nous nous sommes sp\u00e9cialis\u00e9s dans quasiment tous les aspects administratifs de l\u2019embauche et de l\u2019emploi de personnel international en Belgique. Si vous trouvez le candidat parfait, nous pouvons aider \u00e0 lever les obstacles d\u2019ordre administratif et pratique qui emp\u00eachent son placement. En outre, vous pouvez proposer un service suppl\u00e9mentaire pr\u00e9cieux \u00e0 vos clients, en offrant via Axeasy le suivi administratif des dossiers, de telle sorte que le recrutement des employ\u00e9s \u00e9trangers propos\u00e9s par vous ne leur cause pas de soucis administratifs suppl\u00e9mentaires.<\/p><p>Nous vous aidons \u00e0 remplir les obligations sp\u00e9cifiques concernant le recrutement de personnel \u00e9tranger en Belgique, c\u2019est \u00e0 dire:<\/p><p>d\u00e9claration et v\u00e9rification \u201cLimosa\u201d<br \/>conseils quant aux statuts professionnels possibles: quel statut est la meilleure solution pour quel profil?<br \/>\u201cpayroll solutions\u201d<br \/>permis de travail et visas<br \/>v\u00e9rification de contrats<br \/>Nous faisons en sorte que le consultant m\u00eame soit en ordre et puisse faire son travail sans probl\u00e8mes et qu\u2019il soit en r\u00e8gle par rapport \u00e0 la l\u00e9gislation belge sur les imp\u00f4ts et la s\u00e9curit\u00e9 sociale.<\/p><p>Nous proposons nos services en diff\u00e9rents formats, selon les besoins et le profil de la personne que vous d\u00e9sirez placer et selon l\u2019\u00e9tendue du suivi que vous d\u00e9sirez offrir:<\/p><p>vous pouvez opter pour un day-to-day package, o\u00f9 nous prenons soin de tous les aspects du dossier, du d\u00e9but du processus de recrutement jusqu\u2019au dernier jour du s\u00e9jour en Belgique<br \/>vous pouvez choisir \u201c\u00e0 la carte\u201d des services sp\u00e9cifiques et particuliers, p.ex. uniquement une d\u00e9claration \u201cLimosa\u201d, ou uniquement une carte professionnelle, ou uniquement les formalit\u00e9s standard pour un s\u00e9jour en Belgique<br \/>Les services offerts par Axeasy sont le r\u00e9sultat de nombreuses ann\u00e9es d\u2019exp\u00e9rience pratique: notre \u00e9quipe dispose d\u2019un savoir-faire pratique consid\u00e9rable dans quasiment tous les aspects, administratifs et autres, de l\u2019emploi de personnel international en Belgique. En outre, une approche personnalis\u00e9e, confidentielle et neutre nous permet de tenir compte des probl\u00e8mes et des besoins sp\u00e9cifiques de chaque partie concern\u00e9e.<\/p><\/div><\/div><\/div>\n\n\n<div class=\"row\">\n\t\n\n<div class=\"col-xs-12 col-sm-12\" style=\"background: transparent  \">\n\t<div class=\"fw-call-to-action\">\n\t<div class=\"fw-action-content\">\n\t\t\t\t<h2>Int\u00e9ressant?<\/h2>\n\t\t\t\t<p>Si nos services vous int\u00e9ressant, contactez-nous pour plus d\u2019informations<\/p>\n\t<\/div>\n\t<div class=\"fw-action-btn\">\n\t\t<a href=\"\/fr\/contact\" class=\"fw-btn fw-btn-1\" target=\"_self\">\n\t\t\t<span>Contactez-nous<\/span>\n\t\t<\/a>\n\t<\/div>\n<\/div><\/div><\/div>\n\n                <\/section>\n            <\/div>\n                    <\/div>\n    \n","protected":false},"excerpt":{"rendered":"<p>Vous \u00eates un responsable au sein d\u2019une agence de recrutement? En tant que responsable au sein d\u2019une agence qui place des consultants externes ou employ\u00e9s \u00e9trangers dans des entreprises belges, vous savez d\u00e9j\u00e0 que le recrutement de ce type de personnel exige de tenir compte d\u2019une administration du personnel de plus en plus compliqu\u00e9e et [&hellip;]<\/p>\n","protected":false},"author":1,"featured_media":0,"parent":871,"menu_order":3,"comment_status":"open","ping_status":"closed","template":"","meta":{"_exactmetrics_skip_tracking":false,"_exactmetrics_sitenote_active":false,"_exactmetrics_sitenote_note":"","_exactmetrics_sitenote_category":0,"footnotes":""},"class_list":["post-861","page","type-page","status-publish","hentry"],"aioseo_notices":[],"_links":{"self":[{"href":"http:\/\/www.axeasy.be\/fr\/wp-json\/wp\/v2\/pages\/861","targetHints":{"allow":["GET"]}}],"collection":[{"href":"http:\/\/www.axeasy.be\/fr\/wp-json\/wp\/v2\/pages"}],"about":[{"href":"http:\/\/www.axeasy.be\/fr\/wp-json\/wp\/v2\/types\/page"}],"author":[{"embeddable":true,"href":"http:\/\/www.axeasy.be\/fr\/wp-json\/wp\/v2\/users\/1"}],"replies":[{"embeddable":true,"href":"http:\/\/www.axeasy.be\/fr\/wp-json\/wp\/v2\/comments?post=861"}],"version-history":[{"count":2,"href":"http:\/\/www.axeasy.be\/fr\/wp-json\/wp\/v2\/pages\/861\/revisions"}],"predecessor-version":[{"id":863,"href":"http:\/\/www.axeasy.be\/fr\/wp-json\/wp\/v2\/pages\/861\/revisions\/863"}],"up":[{"embeddable":true,"href":"http:\/\/www.axeasy.be\/fr\/wp-json\/wp\/v2\/pages\/871"}],"wp:attachment":[{"href":"http:\/\/www.axeasy.be\/fr\/wp-json\/wp\/v2\/media?parent=861"}],"curies":[{"name":"wp","href":"https:\/\/api.w.org\/{rel}","templated":true}]}}