{"id":856,"date":"2015-02-18T16:57:32","date_gmt":"2015-02-18T16:57:32","guid":{"rendered":"http:\/\/axeasy.cre-eight.be\/are-you-an-hr-manager-in-a-company\/"},"modified":"2017-12-27T13:34:40","modified_gmt":"2017-12-27T13:34:40","slug":"vous-etes-responsable-rh-au-sein-dune-entreprise","status":"publish","type":"page","link":"http:\/\/www.axeasy.be\/fr\/services\/vous-etes-responsable-rh-au-sein-dune-entreprise\/","title":{"rendered":"Vous \u00eates responsable RH au sein d\u2019une entreprise"},"content":{"rendered":"\n            <div class=\"glacier-section\" style=\"padding-top: 0px; padding-bottom: 45px; \" id=\"section-5a3d08c0e4d0c\">\n            <div class=\"container\">\n                <section>\n                    \n<div class=\"row\">\n\t\n\n<div class=\"col-xs-12 col-sm-12\" style=\"background: transparent  \">\n\t\n<div class=\"heading-block text-left heading-block-line\">\n\t<h1 class=\"special-heading\" >Vous \u00eates responsable RH au sein d\u2019une entreprise<\/h1>\n\t<\/div><\/div><\/div>\n\n\n<div class=\"row\">\n\t\n\n<div class=\"col-xs-12 col-sm-12\" style=\"background: transparent  \">\n\t<div class=\"text-block shortcode-container\" style=\"font-size: 16px;\">\n\t<p>Aux entreprises \u00e9tablies en Belgique, nous offrons Easy Access aux consultants europ\u00e9ens et non-europ\u00e9ens: avec notre aide, le recrutement de consultants \u00e9trangers devient nettement plus facile puisque nous pouvons r\u00e9gler les nombreuses proc\u00e9dures compliqu\u00e9es et encombrantes rapidement et efficacement.<\/p><p>Vous \u00eates responsable RH au sein d\u2019une entreprise ayant des activit\u00e9s en Belgique et qui emploie (ou d\u00e9sire employer) les services de consultants \u00e9trangers. Dans ce cas-l\u00e0, vous savez bien s\u00fbr que les entreprises qui embauchent (ou d\u00e9sirent embaucher) des consultants ou des employ\u00e9s externes \u00e9trangers sont confront\u00e9es \u00e0 une administration du personnel de plus en plus compliqu\u00e9e et \u00e0 une l\u00e9gislation en mati\u00e8re de gestion du personnel de plus en plus stricte (\u201cLimosa\u201d, amendes pour la non-observation des r\u00e8gles concernant la s\u00e9curit\u00e9 sociale, contr\u00f4les de plus en plus fr\u00e9quents, \u2026).<\/p><p>Sans doute savez-vous aussi par exp\u00e9rience que les \u201cb\u00eates\u201d formalit\u00e9s administratives peuvent constituer une charge suppl\u00e9mentaire consid\u00e9rable pour vous-m\u00eame, votre \u00e9quipe et\/ou les consultants concern\u00e9s, ce qui peut entra\u00eener des pertes de temps et d\u2019argent importantes.<\/p><p>Peut-\u00eatre voudriez-vous d\u00e9velopper votre emploi actuel de consultants \u00e9trangers (ou voulez-vous en embaucher un pour la premi\u00e8re fois), mais vous n\u2019\u00eates pas certain quelle approche est la mieux adapt\u00e9e \u00e0 la situation de votre entreprise.<\/p><p>Peut-\u00eatre avez-vous d\u00e9j\u00e0 une large exp\u00e9rience concernant l\u2019emploi de personnel \u00e9tranger, mais vous avez des probl\u00e8mes ponctuels avec un certain dossier ou avec quelques \u201cb\u00eates\u201d formalit\u00e9s d\u2019ordre pratique.<\/p><p>Peut-\u00eatre avez-vous des probl\u00e8mes \u00e0 garder le contr\u00f4le de la situation administrative de vos collaborateurs externes \u00e9trangers: qui est en r\u00e8gle et qui ne l\u2019est pas?<\/p><p>Il se peut \u00e9galement que vous d\u00e9siriez simplement d\u00e9charger vous-m\u00eame et votre \u00e9quipe d\u2019un nombre de t\u00e2ches purement administratives afin de pouvoir vous concentrer sur des aspects plus substantiels de la politique du personnel.<\/p><p>Axeasy peut vous aider dans toutes ces situations. Les services offerts sont le r\u00e9sultat de nombreuses ann\u00e9es d\u2019exp\u00e9rience pratique: notre \u00e9quipe dispose d\u2019un savoir-faire pratique consid\u00e9rable dans quasiment tous les aspects, administratifs et autres, de l\u2019emploi de personnel international en Belgique. Notre approche personnalis\u00e9e, confidentielle et neutre nous permet de tenir compte des probl\u00e8mes et des besoins sp\u00e9cifiques de votre entreprise et de vos consultants.<\/p><p>Axeasy est \u00e0 votre disposition pour aider votre service RH \u00e0 remplir les obligations sp\u00e9cifiques de votre entreprise en ce qui concerne le personnel \u00e9tranger:<\/p><p>d\u00e9claration et v\u00e9rification \u201cLimosa\u201d<br \/>conseils quant aux statuts professionnels possibles: quel statut est la meilleure solution pour quel profil?<br \/>payroll solutions<br \/>permis de travail et visas<br \/>v\u00e9rification de contrats<br \/>Axeasy offre, en outre, un large \u00e9ventail de services couvrant les obligations du consultant: nous pouvons faire en sorte que vos consultants soient en r\u00e8gle pour les obligations qu\u2019ils doivent remplir en tant que nouveau r\u00e9sident en Belgique et en tant qu\u2019employ\u00e9 ou ind\u00e9pendant, de leur recrutement jusqu\u2019\u00e0 la fin de leur s\u00e9jour. Nous prenons en charge le dossier du consultant de sorte qu\u2019il soit en ordre et qu\u2019il puisse faire son travail sans probl\u00e8mes ni soucis suppl\u00e9mentaires.<\/p><p>Nous offrons nos services en diff\u00e9rents formats, selon vos besoins sp\u00e9cifiques et selon le profil de la personne que vous d\u00e9sirez embaucher:<\/p><p>vous pouvez opter pour un day-to-day package: nous prenons en charge tous les aspects du dossier, du d\u00e9but du processus de recrutement jusqu\u2019au dernier jour du s\u00e9jour en Belgique.<br \/>vous pouvez choisir \u201c\u00e0 la carte\u201d des services sp\u00e9cifiques et particuliers, p.ex. uniquement une d\u00e9claration \u201cLimosa\u201d, ou uniquement une carte professionnelle, ou uniquement les formalit\u00e9s standard pour un s\u00e9jour en Belgique.<\/p><\/div><\/div><\/div>\n\n\n<div class=\"row\">\n\t\n\n<div class=\"col-xs-12 col-sm-12\" style=\"background: transparent  \">\n\t<div class=\"fw-call-to-action\">\n\t<div class=\"fw-action-content\">\n\t\t\t\t<h2>Int\u00e9ressant?<\/h2>\n\t\t\t\t<p>Si nos services vous int\u00e9ressant, contactez-nous pour plus d\u2019informations<\/p>\n\t<\/div>\n\t<div class=\"fw-action-btn\">\n\t\t<a href=\"\/fr\/contact\" class=\"fw-btn fw-btn-1\" target=\"_self\">\n\t\t\t<span>Contactez-nous<\/span>\n\t\t<\/a>\n\t<\/div>\n<\/div><\/div><\/div>\n\n                <\/section>\n            <\/div>\n                    <\/div>\n    \n","protected":false},"excerpt":{"rendered":"<p>Vous \u00eates responsable RH au sein d\u2019une entreprise Aux entreprises \u00e9tablies en Belgique, nous offrons Easy Access aux consultants europ\u00e9ens et non-europ\u00e9ens: avec notre aide, le recrutement de consultants \u00e9trangers devient nettement plus facile puisque nous pouvons r\u00e9gler les nombreuses proc\u00e9dures compliqu\u00e9es et encombrantes rapidement et efficacement.Vous \u00eates responsable RH au sein d\u2019une entreprise ayant [&hellip;]<\/p>\n","protected":false},"author":1,"featured_media":0,"parent":871,"menu_order":2,"comment_status":"open","ping_status":"closed","template":"","meta":{"_exactmetrics_skip_tracking":false,"_exactmetrics_sitenote_active":false,"_exactmetrics_sitenote_note":"","_exactmetrics_sitenote_category":0,"footnotes":""},"class_list":["post-856","page","type-page","status-publish","hentry"],"aioseo_notices":[],"_links":{"self":[{"href":"http:\/\/www.axeasy.be\/fr\/wp-json\/wp\/v2\/pages\/856","targetHints":{"allow":["GET"]}}],"collection":[{"href":"http:\/\/www.axeasy.be\/fr\/wp-json\/wp\/v2\/pages"}],"about":[{"href":"http:\/\/www.axeasy.be\/fr\/wp-json\/wp\/v2\/types\/page"}],"author":[{"embeddable":true,"href":"http:\/\/www.axeasy.be\/fr\/wp-json\/wp\/v2\/users\/1"}],"replies":[{"embeddable":true,"href":"http:\/\/www.axeasy.be\/fr\/wp-json\/wp\/v2\/comments?post=856"}],"version-history":[{"count":3,"href":"http:\/\/www.axeasy.be\/fr\/wp-json\/wp\/v2\/pages\/856\/revisions"}],"predecessor-version":[{"id":859,"href":"http:\/\/www.axeasy.be\/fr\/wp-json\/wp\/v2\/pages\/856\/revisions\/859"}],"up":[{"embeddable":true,"href":"http:\/\/www.axeasy.be\/fr\/wp-json\/wp\/v2\/pages\/871"}],"wp:attachment":[{"href":"http:\/\/www.axeasy.be\/fr\/wp-json\/wp\/v2\/media?parent=856"}],"curies":[{"name":"wp","href":"https:\/\/api.w.org\/{rel}","templated":true}]}}