{"id":833,"date":"2015-02-18T16:23:12","date_gmt":"2015-02-18T16:23:12","guid":{"rendered":"http:\/\/axeasy.cre-eight.be\/contact\/"},"modified":"2021-01-12T10:13:59","modified_gmt":"2021-01-12T10:13:59","slug":"contact","status":"publish","type":"page","link":"http:\/\/www.axeasy.be\/fr\/contact\/","title":{"rendered":"Contact"},"content":{"rendered":"<p>\n            <div class=\"glacier-section\"  id=\"section-5667f2cb09558\">\n            <div class=\"container-fluid\">\n                <section>\n                    \n<div class=\"row\">\n\t\n\n<div class=\"col-xs-12 col-sm-12\" style=\"background: transparent  \">\n\t<div class=\"fw-map\" data-locations=\"[{&quot;title&quot;:&quot;Axeasy&quot;,&quot;url&quot;:&quot;&quot;,&quot;thumb&quot;:false,&quot;coordinates&quot;:{&quot;lat&quot;:50.8123004,&quot;lng&quot;:4.367533999999978},&quot;description&quot;:&quot;&quot;}]\" data-map-type=\"ROADMAP\" data-map-height=\"400\" data-gmap-key=\"AIzaSyD4HGeOA5aLJZ4Owu44fMqtw6J4WwJ-xU8\" data-disable-scrolling=\"\" >\n\t<div class=\"fw-map-canvas\"><\/div>\n<\/div><\/div><\/div>\n\n                <\/section>\n            <\/div>\n                    <\/div>\n    \n            <div class=\"glacier-section\" style=\"padding-top: 45px; padding-bottom: 45px; \" id=\"section-5667f2cb22cc8\">\n            <div class=\"container\">\n                <section>\n                    \n<div class=\"row\">\n\t\n\n<div class=\"col-xs-12 col-sm-8\" style=\"background: transparent  top left no-repeat scroll;\">\n\t\n<div class=\"heading-block text-left heading-block-line\">\n\t<h2 class=\"special-heading\" >Contactez-nous<\/h2>\n\t<\/div><div class=\"text-block shortcode-container\" style=\"font-size: 16px;\">\n\t<p>Vous voulez savoir comment nous pouvons aider? Vous souhaitez avoir plus d\u2019explications sur une de nos services? Remplissez le formulaire ci-dessous et nous vous contacterons aussi vite que possible. Vous pouvez \u00e9galement nous contacter par t\u00e9l\u00e9phone.<\/p><\/div><div class=\"form-wrapper fw-contact-form contact-form\">\n\t<form data-fw-form-id=\"fw_form\" method=\"post\" action=\"http:\/\/www.axeasy.be\/fr\/wp-json\/wp\/v2\/pages\/833\" class=\"fw_form_fw_form\" data-fw-ext-forms-type=\"contact-forms\"  ><input type=\"hidden\" name=\"fwf\" value=\"fw_form\" \/><input type=\"hidden\" id=\"_nonce_4ba8b4e829feab3cf02623ab0e913e2f\" name=\"_nonce_4ba8b4e829feab3cf02623ab0e913e2f\" value=\"fb81c3cbeb\" \/><input type=\"hidden\" name=\"_wp_http_referer\" value=\"\/fr\/wp-json\/wp\/v2\/pages\/833\" \/><input type=\"hidden\" name=\"fw_ext_forms_form_type\" value=\"contact-forms\" \/><input type=\"hidden\" name=\"fw_ext_forms_form_id\" value=\"contact-form-54ef4326b9ba5\" \/><div class=\"wrap-forms\">\n\t<div class=\"fw-row\"><\/div><div class=\"fw-row\"><div class=\"col-xs-12 col-sm-6 form-builder-item\">\n\t<div class=\"field-text\">\n\t\t\t\t<label for=\"id-1\">Nom\t\t\t<sup>*<\/sup>\t\t<\/label>\n\t\t\t\t<input type=\"text\" name=\"text_e5f7cca\" placeholder=\"\" value=\"\" id=\"id-1\" required=\"required\" >\n\t\t\t<\/div>\n<\/div><div class=\"col-xs-12 col-sm-6 form-builder-item\">\n\t<div class=\"field-text\">\n\t\t\t\t<label for=\"id-2\">Email\t\t\t<sup>*<\/sup>\t\t<\/label>\n\t\t\t\t<input type=\"text\" name=\"email_6728e5c\" placeholder=\"\" value=\"\" id=\"id-2\" required=\"required\" >\n\t\t\t<\/div>\n<\/div><\/div><div class=\"fw-row\"><div class=\"col-xs-12 col-sm-6 form-builder-item\">\n\t<div class=\"field-text\">\n\t\t\t\t<label for=\"id-3\">T\u00e9lephone\t\t\t<sup>*<\/sup>\t\t<\/label>\n\t\t\t\t<input type=\"text\" name=\"text_737e34f\" placeholder=\"\" value=\"\" id=\"id-3\" required=\"required\" >\n\t\t\t<\/div>\n<\/div><div class=\"col-xs-12 col-sm-6 form-builder-item\">\n\t<div class=\"field-text\">\n\t\t\t\t<label for=\"id-4\">Entreprise\t\t\t\t\t<\/label>\n\t\t\t\t<input type=\"text\" name=\"text_28f89a6\" placeholder=\"\" value=\"\" id=\"id-4\" >\n\t\t\t<\/div>\n<\/div><\/div><div class=\"fw-row\"><div class=\"col-xs-12 col-sm-12 form-builder-item\">\n\t<div class=\"field-text\">\n\t\t\t\t<label for=\"id-5\">Sujet\t\t\t<sup>*<\/sup>\t\t<\/label>\n\t\t\t\t<input type=\"text\" name=\"text_7fa75ea\" placeholder=\"\" value=\"\" id=\"id-5\" required=\"required\" >\n\t\t\t<\/div>\n<\/div><\/div><div class=\"fw-row\"><div class=\"col-xs-12 col-sm-12 form-builder-item\">\n\t<div class=\"field-textarea\">\n\t\t\t\t<label for=\"id-6\">Message\t\t\t<sup>*<\/sup>\t\t<\/label>\n\t\t\t\t<textarea name=\"textarea_29d352c\" placeholder=\"\" id=\"id-6\" required=\"required\" ><\/textarea>\n\t\t\t<\/div>\n<\/div><\/div><div class=\"fw-row\">\t<div class=\"col-xs-12 col-sm-12 form-builder-item\">\n\t\t<div class=\"field-checkbox input-styled\">\n\t\t\t\t\t\t<div class=\"custom-checkbox field-columns-1\">\n\t\t\t\t\t\t\t\t\t\t\t\t\t\t\t<div class=\"options\">\n\t\t\t\t\t\t\t<input type=\"checkbox\" name=\"checkboxes_85dc3ec[]\" value=\"J&#039;ai lu et accept\u00e9 la &lt;a href=&quot;\/privacy-policy&quot;&gt;politique de confidentialit\u00e9&lt;\/a&gt;\" id=\"rand-7\"  \/>\n\t\t\t\t\t\t\t<label for=\"rand-7\">J'ai lu et accept\u00e9 la <a href=\"\/privacy-policy\">politique de confidentialit\u00e9<\/a><\/label>\n\t\t\t\t\t\t<\/div>\n\t\t\t\t\t\t\t\t\t\t\t\t<\/div>\n\t\t\t\t\t<\/div>\n\t<\/div>\n<\/div><div class=\"fw-row\"><\/div><\/div><div>\n\t<input type=\"submit\" value=\"Envoyer\"\/>\n<\/div><\/form><\/div><\/div>\n\n<div class=\"col-xs-12 col-sm-4\" style=\"background: transparent  top left no-repeat scroll;\">\n\t\n<div class=\"heading-block text-left heading-block-line\">\n\t<h2 class=\"special-heading\" >Axeasy bvba<\/h2>\n\t<\/div>\n<ul class=\"list-triangle\">\n            <li class=\"object-non-visible\" data-animation-effect=\"fade-in-up\" data-effect-delay=\"100\">\n            Winston Churchilllaan 248, 1180 Uccle\r\n\r\n                            <i class=\"fa fa-home\"><\/i>\n                    <\/li>\n            <li class=\"object-non-visible\" data-animation-effect=\"fade-in-up\" data-effect-delay=\"200\">\n            T: +32 (0)2 513 33 68                            <i class=\"fa fa-phone\"><\/i>\n                    <\/li>\n            <li class=\"object-non-visible\" data-animation-effect=\"fade-in-up\" data-effect-delay=\"300\">\n            F: +32 (0)2 513 36 10                            <i class=\"fa fa-fax\"><\/i>\n                    <\/li>\n            <li class=\"object-non-visible\" data-animation-effect=\"fade-in-up\" data-effect-delay=\"500\">\n            info@axeasy.be                            <i class=\"fa fa-envelope\"><\/i>\n                    <\/li>\n    <\/ul>\n\n\n\t<div style=\"padding-bottom: 30px;\"><\/div>\n\n\n\n<div class=\"heading-block text-left heading-block-line\">\n\t<h2 class=\"special-heading\" >Connectez-vous<\/h2>\n\t<\/div>\n\n<ul class=\"social-links large circle\">\n            <li><a target=\"_blank\" href=\"https:\/\/www.linkedin.com\/company\/23367077\/\"\n                class=\"\"><i class=\"fa fa-linkedin\"><\/i><\/a><\/li>\n    <\/ul><\/div><\/div>\n\n                <\/section>\n            <\/div>\n                    <\/div>\n    <\/p>\n","protected":false},"excerpt":{"rendered":"<p>Contactez-nous Vous voulez savoir comment nous pouvons aider? Vous souhaitez avoir plus d\u2019explications sur une de nos services? Remplissez le formulaire ci-dessous et nous vous contacterons aussi vite que possible. Vous pouvez \u00e9galement nous contacter par t\u00e9l\u00e9phone. Nom * Email * T\u00e9lephone * Entreprise Sujet * Message * J&rsquo;ai lu et accept\u00e9 la politique de [&hellip;]<\/p>\n","protected":false},"author":1,"featured_media":0,"parent":0,"menu_order":5,"comment_status":"open","ping_status":"closed","template":"","meta":{"_exactmetrics_skip_tracking":false,"_exactmetrics_sitenote_active":false,"_exactmetrics_sitenote_note":"","_exactmetrics_sitenote_category":0,"footnotes":""},"class_list":["post-833","page","type-page","status-publish","hentry"],"aioseo_notices":[],"_links":{"self":[{"href":"http:\/\/www.axeasy.be\/fr\/wp-json\/wp\/v2\/pages\/833","targetHints":{"allow":["GET"]}}],"collection":[{"href":"http:\/\/www.axeasy.be\/fr\/wp-json\/wp\/v2\/pages"}],"about":[{"href":"http:\/\/www.axeasy.be\/fr\/wp-json\/wp\/v2\/types\/page"}],"author":[{"embeddable":true,"href":"http:\/\/www.axeasy.be\/fr\/wp-json\/wp\/v2\/users\/1"}],"replies":[{"embeddable":true,"href":"http:\/\/www.axeasy.be\/fr\/wp-json\/wp\/v2\/comments?post=833"}],"version-history":[{"count":5,"href":"http:\/\/www.axeasy.be\/fr\/wp-json\/wp\/v2\/pages\/833\/revisions"}],"predecessor-version":[{"id":6613,"href":"http:\/\/www.axeasy.be\/fr\/wp-json\/wp\/v2\/pages\/833\/revisions\/6613"}],"wp:attachment":[{"href":"http:\/\/www.axeasy.be\/fr\/wp-json\/wp\/v2\/media?parent=833"}],"curies":[{"name":"wp","href":"https:\/\/api.w.org\/{rel}","templated":true}]}}